{"id":198,"date":"2025-10-18T11:04:39","date_gmt":"2025-10-18T11:04:39","guid":{"rendered":"https:\/\/kikikleindesign.de\/?page_id=198"},"modified":"2025-10-18T11:25:44","modified_gmt":"2025-10-18T11:25:44","slug":"social-media","status":"publish","type":"page","link":"http:\/\/kikikleindesign.de\/?page_id=198","title":{"rendered":"Social Media"},"content":{"rendered":"\n<h2 class=\"wp-block-heading\">Social Media: Wo dein Business auf die Welt trifft<\/h2>\n\n\n\n<figure class=\"wp-block-image size-large\"><a href=\"http:\/\/kikikleindesign.de\/wp-content\/uploads\/2025\/10\/smartphone-bildschirmhand-mit-social-media-symbolen-scaled.jpg\"><img loading=\"lazy\" decoding=\"async\" width=\"1024\" height=\"683\" src=\"http:\/\/kikikleindesign.de\/wp-content\/uploads\/2025\/10\/smartphone-bildschirmhand-mit-social-media-symbolen-1024x683.jpg\" alt=\"\" class=\"wp-image-201\" srcset=\"http:\/\/kikikleindesign.de\/wp-content\/uploads\/2025\/10\/smartphone-bildschirmhand-mit-social-media-symbolen-1024x683.jpg 1024w, http:\/\/kikikleindesign.de\/wp-content\/uploads\/2025\/10\/smartphone-bildschirmhand-mit-social-media-symbolen-300x200.jpg 300w, http:\/\/kikikleindesign.de\/wp-content\/uploads\/2025\/10\/smartphone-bildschirmhand-mit-social-media-symbolen-768x512.jpg 768w, http:\/\/kikikleindesign.de\/wp-content\/uploads\/2025\/10\/smartphone-bildschirmhand-mit-social-media-symbolen-1536x1024.jpg 1536w, http:\/\/kikikleindesign.de\/wp-content\/uploads\/2025\/10\/smartphone-bildschirmhand-mit-social-media-symbolen-2048x1366.jpg 2048w\" sizes=\"auto, (max-width: 1024px) 100vw, 1024px\" \/><\/a><figcaption class=\"wp-element-caption\">Hey, du! Sch\u00f6n, dass du hier bist.<\/figcaption><\/figure>\n\n\n\n<p>Hand aufs Herz: Nur online sein, reicht heute nicht mehr aus. Wenn du wirklich Reichweite gewinnen und deine Marke emotional aufladen willst, musst du dort sein, wo deine Kunden sind: Auf Social Media.<\/p>\n\n\n\n<figure class=\"wp-block-image size-large is-resized\"><a href=\"http:\/\/kikikleindesign.de\/wp-content\/uploads\/2020\/02\/social-networking-2187996-scaled.jpg\"><img loading=\"lazy\" decoding=\"async\" width=\"1024\" height=\"512\" src=\"http:\/\/kikikleindesign.de\/wp-content\/uploads\/2020\/02\/social-networking-2187996-1024x512.jpg\" alt=\"\" class=\"wp-image-165\" style=\"width:464px;height:auto\" srcset=\"http:\/\/kikikleindesign.de\/wp-content\/uploads\/2020\/02\/social-networking-2187996-1024x512.jpg 1024w, http:\/\/kikikleindesign.de\/wp-content\/uploads\/2020\/02\/social-networking-2187996-300x150.jpg 300w, http:\/\/kikikleindesign.de\/wp-content\/uploads\/2020\/02\/social-networking-2187996-768x384.jpg 768w, http:\/\/kikikleindesign.de\/wp-content\/uploads\/2020\/02\/social-networking-2187996-1536x768.jpg 1536w, http:\/\/kikikleindesign.de\/wp-content\/uploads\/2020\/02\/social-networking-2187996-2048x1024.jpg 2048w\" sizes=\"auto, (max-width: 1024px) 100vw, 1024px\" \/><\/a><\/figure>\n\n\n\n<p><strong>Ich biete dir daf\u00fcr zwei Wege zum Erfolg &#8211; ganz wie es zu dir passt:<\/strong><\/p>\n\n\n\n<p><strong>Full-Service-Management:<\/strong><\/p>\n\n\n\n<p>Ich manage nicht nur Profile, ich erz\u00e4hle deine Geschichte so, dass sie h\u00e4ngen bleibt. Von Tik-Tok-Trends bis hin zu Instagram-Strategien &#8211; ich weiss, wie der Algorithmus tickt und wie wir deine Inhalte interessant machen. Du lehnst dich zur\u00fcck, ich rocke das f\u00fcr dich.<\/p>\n\n\n\n<p><strong>Social-Media-Schulungen:<\/strong><\/p>\n\n\n\n<p>Du willst selbst aktiv werden, aber dir fehlt das n\u00f6tige Wissen? Ich biete dir praxisorientierte Workshops an und bereite dich und dein Team optimal vor, damit ich Basiswissen bekommt und k\u00fcnftig selbst effizient bespielen k\u00f6nnt. Ich mache dich zum Social-Media-Profi!<\/p>\n\n\n\n<p>Lass uns gemeinsam:<\/p>\n\n\n\n<ul class=\"wp-block-list\">\n<li>Deine Zielgruppe fesseln &#8211; mit mir oder in Eigenregie.<\/li>\n\n\n\n<li>Authentische Beziehungen aufbauen.<\/li>\n\n\n\n<li>Aus Followern Kunden machen.<\/li>\n<\/ul>\n\n\n\n<ol class=\"wp-block-list\"><\/ol>\n\n\n\n<p>Bist du bereit auf allen Kan\u00e4len sichtbar zu werden? Dann lass und dar\u00fcber sprechen, welche L\u00f6sung am besten zu deinen Zielen passt.<\/p>\n","protected":false},"excerpt":{"rendered":"<p>Social Media: Wo dein Business auf die Welt trifft Hand aufs Herz: Nur online sein, reicht heute nicht mehr aus. Wenn du wirklich Reichweite gewinnen und deine Marke emotional aufladen willst, musst du dort sein, wo deine Kunden sind: Auf &hellip; <\/p>\n<div class=\"read-more\"><a href=\"http:\/\/kikikleindesign.de\/?page_id=198\" class=\"more-link\">Read More<\/a><\/div>\n","protected":false},"author":1,"featured_media":0,"parent":0,"menu_order":0,"comment_status":"closed","ping_status":"closed","template":"","meta":{"footnotes":""},"class_list":["post-198","page","type-page","status-publish","hentry","entry"],"_links":{"self":[{"href":"http:\/\/kikikleindesign.de\/index.php?rest_route=\/wp\/v2\/pages\/198","targetHints":{"allow":["GET"]}}],"collection":[{"href":"http:\/\/kikikleindesign.de\/index.php?rest_route=\/wp\/v2\/pages"}],"about":[{"href":"http:\/\/kikikleindesign.de\/index.php?rest_route=\/wp\/v2\/types\/page"}],"author":[{"embeddable":true,"href":"http:\/\/kikikleindesign.de\/index.php?rest_route=\/wp\/v2\/users\/1"}],"replies":[{"embeddable":true,"href":"http:\/\/kikikleindesign.de\/index.php?rest_route=%2Fwp%2Fv2%2Fcomments&post=198"}],"version-history":[{"count":3,"href":"http:\/\/kikikleindesign.de\/index.php?rest_route=\/wp\/v2\/pages\/198\/revisions"}],"predecessor-version":[{"id":203,"href":"http:\/\/kikikleindesign.de\/index.php?rest_route=\/wp\/v2\/pages\/198\/revisions\/203"}],"wp:attachment":[{"href":"http:\/\/kikikleindesign.de\/index.php?rest_route=%2Fwp%2Fv2%2Fmedia&parent=198"}],"curies":[{"name":"wp","href":"https:\/\/api.w.org\/{rel}","templated":true}]}}