{"id":44,"date":"2014-01-30T20:37:02","date_gmt":"2014-01-30T20:37:02","guid":{"rendered":"http:\/\/kikikleindesign.de\/?page_id=44"},"modified":"2025-10-18T14:59:19","modified_gmt":"2025-10-18T14:59:19","slug":"beratung-corporate-identity","status":"publish","type":"page","link":"http:\/\/kikikleindesign.de\/?page_id=44","title":{"rendered":"Officemanagement"},"content":{"rendered":"\n<h2 class=\"wp-block-heading\">Dein B\u00fcro l\u00e4uft, du konzentrierst dich aufs Gesch\u00e4ft.<\/h2>\n\n\n\n<figure class=\"wp-block-image size-large\"><img loading=\"lazy\" decoding=\"async\" width=\"2560\" height=\"1440\" src=\"https:\/\/kikikleindesign.de\/wp-content\/uploads\/2025\/10\/student-849821-edited-scaled.jpg\" alt=\"\" class=\"wp-image-228\" srcset=\"http:\/\/kikikleindesign.de\/wp-content\/uploads\/2025\/10\/student-849821-edited-scaled.jpg 2560w, http:\/\/kikikleindesign.de\/wp-content\/uploads\/2025\/10\/student-849821-edited-300x169.jpg 300w, http:\/\/kikikleindesign.de\/wp-content\/uploads\/2025\/10\/student-849821-edited-1024x576.jpg 1024w, http:\/\/kikikleindesign.de\/wp-content\/uploads\/2025\/10\/student-849821-edited-768x432.jpg 768w, http:\/\/kikikleindesign.de\/wp-content\/uploads\/2025\/10\/student-849821-edited-1536x864.jpg 1536w, http:\/\/kikikleindesign.de\/wp-content\/uploads\/2025\/10\/student-849821-edited-2048x1152.jpg 2048w\" sizes=\"auto, (max-width: 2560px) 100vw, 2560px\" \/><\/figure>\n\n\n\n<p><\/p>\n\n\n\n<p>Du bist der Kopf deines Unternehmens, aber wer h\u00e4lt dir den R\u00fccken frei?<\/p>\n\n\n\n<p>Seit \u00fcber 12 Jahren unterst\u00fctze ich erfolgreich Unternehmen unterschiedlichster Branchen, sowohl vor Ort als auch als zuverl\u00e4ssige Virtuelle Assistentin. Meine Mission ist klar: Ich nehme dir den administrativen Ballast ab, damit du dich auf den Kerngesch\u00e4ft, deine Kunden und dein Wachstum konzentrieren kannst.<\/p>\n\n\n\n<p>Mit meinem professionellen Officemanagement erh\u00e4ltst du nicht nur Hilfe, sondern einen klaren Kopf und mehr Zeit.<\/p>\n\n\n\n<figure class=\"wp-block-image size-large\"><a href=\"http:\/\/kikikleindesign.de\/wp-content\/uploads\/2025\/10\/blick-auf-den-unordentlichen-buroarbeitsplatz-mit-laptop-scaled.jpg\"><img loading=\"lazy\" decoding=\"async\" width=\"2560\" height=\"1439\" src=\"https:\/\/kikikleindesign.de\/wp-content\/uploads\/2025\/10\/blick-auf-den-unordentlichen-buroarbeitsplatz-mit-laptop-edited-scaled.jpg\" alt=\"\" class=\"wp-image-233\" srcset=\"http:\/\/kikikleindesign.de\/wp-content\/uploads\/2025\/10\/blick-auf-den-unordentlichen-buroarbeitsplatz-mit-laptop-edited-scaled.jpg 2560w, http:\/\/kikikleindesign.de\/wp-content\/uploads\/2025\/10\/blick-auf-den-unordentlichen-buroarbeitsplatz-mit-laptop-edited-300x169.jpg 300w, http:\/\/kikikleindesign.de\/wp-content\/uploads\/2025\/10\/blick-auf-den-unordentlichen-buroarbeitsplatz-mit-laptop-edited-1024x576.jpg 1024w, http:\/\/kikikleindesign.de\/wp-content\/uploads\/2025\/10\/blick-auf-den-unordentlichen-buroarbeitsplatz-mit-laptop-edited-768x432.jpg 768w, http:\/\/kikikleindesign.de\/wp-content\/uploads\/2025\/10\/blick-auf-den-unordentlichen-buroarbeitsplatz-mit-laptop-edited-1536x864.jpg 1536w, http:\/\/kikikleindesign.de\/wp-content\/uploads\/2025\/10\/blick-auf-den-unordentlichen-buroarbeitsplatz-mit-laptop-edited-2048x1151.jpg 2048w\" sizes=\"auto, (max-width: 2560px) 100vw, 2560px\" \/><\/a><\/figure>\n\n\n\n<p><strong>Wie ich deine Effizienz steigere:<\/strong><\/p>\n\n\n\n<p>Ich \u00fcbernehme all die Aufgaben, die viel Zeit fressen, aber essenziell f\u00fcr einen reibungslosen Ablauf sind:<\/p>\n\n\n\n<ul class=\"wp-block-list\">\n<li><strong>Finanzen und Administration: <\/strong>Die Grundlage f\u00fcr deinen Erfolg. Dazu geh\u00f6rt die Rechnungsstellung und das Mahnwesen, die vorbereitende Buchhaltung und die Organisation und Ablage von Dokumenten.\n<ul class=\"wp-block-list\">\n<li>  <\/li>\n<\/ul>\n<\/li>\n\n\n\n<li><strong>Kundenkommunikation und Korrespondenz: <\/strong>Deine professionelle Au\u00dfenwirkung. Ich \u00fcbernehme die telefonische Kundenbetreuung (Beratung, Reklamationen) sowie die Beantwortung und Bearbeitung von E-Mails &#8211; immer im richtigen Tonfall.\n<ul class=\"wp-block-list\">\n<li> <\/li>\n<\/ul>\n<\/li>\n\n\n\n<li><strong>Organisation und Eventmanagement:<\/strong> Ich plane und realisiere. Dazu z\u00e4hlt die Betreuung und Organisation von Seminaren (Anmeldungen, Teilnahmescheine, Auswertungen, Begleitung von Meetings), das Eventmanagement und die Buchungen f\u00fcr Dienstreisen und Tagungsorte.\n<ul class=\"wp-block-list\">\n<li> <\/li>\n<\/ul>\n<\/li>\n\n\n\n<li><strong>Content-Support: <\/strong>Ich sorge f\u00fcr den Feinschliff. Von der schriftlichen Korrektur deiner Posts und E-Mails bis zur Erstellung von klaren Pr\u00e4sentationen (PowerPoint und Inhalt).<\/li>\n<\/ul>\n\n\n\n<figure class=\"wp-block-image size-large\"><a href=\"http:\/\/kikikleindesign.de\/wp-content\/uploads\/2025\/10\/zeitgenossisches-raum-arbeitsplatz-buroartikel-konzept-scaled.jpg\"><img loading=\"lazy\" decoding=\"async\" width=\"1024\" height=\"494\" src=\"http:\/\/kikikleindesign.de\/wp-content\/uploads\/2025\/10\/zeitgenossisches-raum-arbeitsplatz-buroartikel-konzept-1024x494.jpg\" alt=\"\" class=\"wp-image-231\" srcset=\"http:\/\/kikikleindesign.de\/wp-content\/uploads\/2025\/10\/zeitgenossisches-raum-arbeitsplatz-buroartikel-konzept-1024x494.jpg 1024w, http:\/\/kikikleindesign.de\/wp-content\/uploads\/2025\/10\/zeitgenossisches-raum-arbeitsplatz-buroartikel-konzept-300x145.jpg 300w, http:\/\/kikikleindesign.de\/wp-content\/uploads\/2025\/10\/zeitgenossisches-raum-arbeitsplatz-buroartikel-konzept-768x370.jpg 768w, http:\/\/kikikleindesign.de\/wp-content\/uploads\/2025\/10\/zeitgenossisches-raum-arbeitsplatz-buroartikel-konzept-1536x741.jpg 1536w, http:\/\/kikikleindesign.de\/wp-content\/uploads\/2025\/10\/zeitgenossisches-raum-arbeitsplatz-buroartikel-konzept-2048x988.jpg 2048w\" sizes=\"auto, (max-width: 1024px) 100vw, 1024px\" \/><\/a><\/figure>\n\n\n\n<p><strong>Das Ergebnis: <\/strong><\/p>\n\n\n\n<p>Mehr Ordnung, weniger Stress und die Gewissheit, dass dein B\u00fcroalltag in professionellen H\u00e4nden liegt. Bist du bereit f\u00fcr den Unterschied?<\/p>\n\n\n\n<p>Kontaktiere mich f\u00fcr ein erstes Gespr\u00e4ch. Lass und besprechen, wie viel Freiraum ich dir schenken kann.<\/p>\n","protected":false},"excerpt":{"rendered":"<p>Dein B\u00fcro l\u00e4uft, du konzentrierst dich aufs Gesch\u00e4ft. Du bist der Kopf deines Unternehmens, aber wer h\u00e4lt dir den R\u00fccken frei? Seit \u00fcber 12 Jahren unterst\u00fctze ich erfolgreich Unternehmen unterschiedlichster Branchen, sowohl vor Ort als auch als zuverl\u00e4ssige Virtuelle Assistentin. &hellip; <\/p>\n<div class=\"read-more\"><a href=\"http:\/\/kikikleindesign.de\/?page_id=44\" class=\"more-link\">Read More<\/a><\/div>\n","protected":false},"author":1,"featured_media":0,"parent":0,"menu_order":3,"comment_status":"closed","ping_status":"closed","template":"","meta":{"footnotes":""},"class_list":["post-44","page","type-page","status-publish","hentry","entry"],"_links":{"self":[{"href":"http:\/\/kikikleindesign.de\/index.php?rest_route=\/wp\/v2\/pages\/44","targetHints":{"allow":["GET"]}}],"collection":[{"href":"http:\/\/kikikleindesign.de\/index.php?rest_route=\/wp\/v2\/pages"}],"about":[{"href":"http:\/\/kikikleindesign.de\/index.php?rest_route=\/wp\/v2\/types\/page"}],"author":[{"embeddable":true,"href":"http:\/\/kikikleindesign.de\/index.php?rest_route=\/wp\/v2\/users\/1"}],"replies":[{"embeddable":true,"href":"http:\/\/kikikleindesign.de\/index.php?rest_route=%2Fwp%2Fv2%2Fcomments&post=44"}],"version-history":[{"count":12,"href":"http:\/\/kikikleindesign.de\/index.php?rest_route=\/wp\/v2\/pages\/44\/revisions"}],"predecessor-version":[{"id":241,"href":"http:\/\/kikikleindesign.de\/index.php?rest_route=\/wp\/v2\/pages\/44\/revisions\/241"}],"wp:attachment":[{"href":"http:\/\/kikikleindesign.de\/index.php?rest_route=%2Fwp%2Fv2%2Fmedia&parent=44"}],"curies":[{"name":"wp","href":"https:\/\/api.w.org\/{rel}","templated":true}]}}