{"id":74,"date":"2014-01-30T20:51:25","date_gmt":"2014-01-30T20:51:25","guid":{"rendered":"http:\/\/kikikleindesign.de\/?page_id=74"},"modified":"2025-10-18T15:14:44","modified_gmt":"2025-10-18T15:14:44","slug":"ueber-mich","status":"publish","type":"page","link":"http:\/\/kikikleindesign.de\/?page_id=74","title":{"rendered":"\u00dcber mich"},"content":{"rendered":"\n<h2 class=\"wp-block-heading\">Deine Partnerin f\u00fcr Wachstum und Freiraum<\/h2>\n\n\n\n<figure class=\"wp-block-image size-large\"><img loading=\"lazy\" decoding=\"async\" width=\"1024\" height=\"267\" src=\"http:\/\/kikikleindesign.de\/wp-content\/uploads\/2020\/02\/Unbenanntes-Projekt-1024x267.jpg\" alt=\"\" class=\"wp-image-161\" srcset=\"http:\/\/kikikleindesign.de\/wp-content\/uploads\/2020\/02\/Unbenanntes-Projekt-1024x267.jpg 1024w, http:\/\/kikikleindesign.de\/wp-content\/uploads\/2020\/02\/Unbenanntes-Projekt-300x78.jpg 300w, http:\/\/kikikleindesign.de\/wp-content\/uploads\/2020\/02\/Unbenanntes-Projekt-768x200.jpg 768w, http:\/\/kikikleindesign.de\/wp-content\/uploads\/2020\/02\/Unbenanntes-Projekt-1536x400.jpg 1536w, http:\/\/kikikleindesign.de\/wp-content\/uploads\/2020\/02\/Unbenanntes-Projekt.jpg 1920w\" sizes=\"auto, (max-width: 1024px) 100vw, 1024px\" \/><\/figure>\n\n\n\n<p><\/p>\n\n\n\n<p>Hallo, ich bin die Frau hinter kikikleindesign und freue mich, dass du den Weg hierher gefunden hast!<\/p>\n\n\n\n<p>Meine Arbeit ist mehr als nur ein Job, es ist meine absolute Leidenschaft, Strategien zu entwickeln, Ordnung zu schaffen und Ideen zum Leben zu erwecken. Ich glaube fest daran, dass jedes Business sein volles Potential entfalten sollte &#8211; und hier bin ich, um dir dabei zu helfen.<\/p>\n\n\n\n<figure class=\"wp-block-image size-large\"><a href=\"http:\/\/kikikleindesign.de\/wp-content\/uploads\/2025\/10\/geschaftsleute-und-geschaftsfrauen-treffen-brainstorming-ideen-scaled.jpg\"><img loading=\"lazy\" decoding=\"async\" width=\"1024\" height=\"576\" src=\"http:\/\/kikikleindesign.de\/wp-content\/uploads\/2025\/10\/geschaftsleute-und-geschaftsfrauen-treffen-brainstorming-ideen-1024x576.jpg\" alt=\"\" class=\"wp-image-244\" srcset=\"http:\/\/kikikleindesign.de\/wp-content\/uploads\/2025\/10\/geschaftsleute-und-geschaftsfrauen-treffen-brainstorming-ideen-1024x576.jpg 1024w, http:\/\/kikikleindesign.de\/wp-content\/uploads\/2025\/10\/geschaftsleute-und-geschaftsfrauen-treffen-brainstorming-ideen-300x169.jpg 300w, http:\/\/kikikleindesign.de\/wp-content\/uploads\/2025\/10\/geschaftsleute-und-geschaftsfrauen-treffen-brainstorming-ideen-768x432.jpg 768w, http:\/\/kikikleindesign.de\/wp-content\/uploads\/2025\/10\/geschaftsleute-und-geschaftsfrauen-treffen-brainstorming-ideen-1536x864.jpg 1536w, http:\/\/kikikleindesign.de\/wp-content\/uploads\/2025\/10\/geschaftsleute-und-geschaftsfrauen-treffen-brainstorming-ideen-2048x1152.jpg 2048w\" sizes=\"auto, (max-width: 1024px) 100vw, 1024px\" \/><\/a><\/figure>\n\n\n\n<p><\/p>\n\n\n\n<p><strong>Expertise trifft Engagement<\/strong><\/p>\n\n\n\n<p>Meine Basis bilden zwei Management-Studien in Deutschland, die ich erfolgreich in deutscher und englischer Sprache absolviert habe. Dieses fundierte Wissen kombiniere ich mit jahrelanger praktischer Erfahrung in der Umsetzung.<\/p>\n\n\n\n<p>F\u00fcr mich ist Stillstand keine Option. Die digitale Welt dreht sich rasant, daher ist die kontinuierliche Weiterbildung f\u00fcr mich selbstverst\u00e4ndlich Ich halte mich stets auf dem neuesten Stand in Marketing-Trends, Software-L\u00f6sungen, KI und effizienten Prozessen. So kannst du dir sicher sein, dass du immer die modernsten und besten Strategien an die Hand bekommst.<\/p>\n\n\n\n<figure class=\"wp-block-image size-large\"><a href=\"http:\/\/kikikleindesign.de\/wp-content\/uploads\/2025\/10\/diversity-komposition-mit-verschiedenen-puzzleteilen-scaled.jpg\"><img loading=\"lazy\" decoding=\"async\" width=\"2560\" height=\"1441\" src=\"https:\/\/kikikleindesign.de\/wp-content\/uploads\/2025\/10\/diversity-komposition-mit-verschiedenen-puzzleteilen-edited-scaled.jpg\" alt=\"\" class=\"wp-image-251\" srcset=\"http:\/\/kikikleindesign.de\/wp-content\/uploads\/2025\/10\/diversity-komposition-mit-verschiedenen-puzzleteilen-edited-scaled.jpg 2560w, http:\/\/kikikleindesign.de\/wp-content\/uploads\/2025\/10\/diversity-komposition-mit-verschiedenen-puzzleteilen-edited-300x169.jpg 300w, http:\/\/kikikleindesign.de\/wp-content\/uploads\/2025\/10\/diversity-komposition-mit-verschiedenen-puzzleteilen-edited-1024x576.jpg 1024w, http:\/\/kikikleindesign.de\/wp-content\/uploads\/2025\/10\/diversity-komposition-mit-verschiedenen-puzzleteilen-edited-768x432.jpg 768w, http:\/\/kikikleindesign.de\/wp-content\/uploads\/2025\/10\/diversity-komposition-mit-verschiedenen-puzzleteilen-edited-1536x864.jpg 1536w, http:\/\/kikikleindesign.de\/wp-content\/uploads\/2025\/10\/diversity-komposition-mit-verschiedenen-puzzleteilen-edited-2048x1152.jpg 2048w\" sizes=\"auto, (max-width: 2560px) 100vw, 2560px\" \/><\/a><\/figure>\n\n\n\n<p><\/p>\n\n\n\n<p><strong>Als Freiberuflerin lebe ich Vielfalt<\/strong><\/p>\n\n\n\n<p>Genau wie der Philosoph Menander schon sagte: &#8222;Wenn alle Menschen sich immer gegenseitig beist\u00fcnden, dann bed\u00fcrfte niemand des Gl\u00fccks.&#8220;. Ich sehe mich als deine engagierte Unterst\u00fctzerin.<\/p>\n\n\n\n<p>Die Freiheit der freiberuflichen Arbeit erm\u00f6glicht es mir, die unterschiedlichsten Aufgaben mit voller Energie, Loyalit\u00e4t und Fokus f\u00fcr meine Auftraggeber zu betreuen. Ob es um die Gestaltung deiner Corporate Identity, die Entlastung deines Alltags als virtuelle Assistentin oder die Schulung deines Teams geht . ich bin mit Herz und Verstand dabei.<\/p>\n\n\n\n<p>Ich freue mich darauf, dich und dein Projekt kennenzulernen und gemeinsam durchzustarten! Lass und herausfinden, wie wir dein Business erfolgreicher machen k\u00f6nnen.<\/p>\n","protected":false},"excerpt":{"rendered":"<p>Deine Partnerin f\u00fcr Wachstum und Freiraum Hallo, ich bin die Frau hinter kikikleindesign und freue mich, dass du den Weg hierher gefunden hast! Meine Arbeit ist mehr als nur ein Job, es ist meine absolute Leidenschaft, Strategien zu entwickeln, Ordnung &hellip; <\/p>\n<div class=\"read-more\"><a href=\"http:\/\/kikikleindesign.de\/?page_id=74\" class=\"more-link\">Read More<\/a><\/div>\n","protected":false},"author":1,"featured_media":0,"parent":0,"menu_order":5,"comment_status":"closed","ping_status":"closed","template":"","meta":{"footnotes":""},"class_list":["post-74","page","type-page","status-publish","hentry","entry"],"_links":{"self":[{"href":"http:\/\/kikikleindesign.de\/index.php?rest_route=\/wp\/v2\/pages\/74","targetHints":{"allow":["GET"]}}],"collection":[{"href":"http:\/\/kikikleindesign.de\/index.php?rest_route=\/wp\/v2\/pages"}],"about":[{"href":"http:\/\/kikikleindesign.de\/index.php?rest_route=\/wp\/v2\/types\/page"}],"author":[{"embeddable":true,"href":"http:\/\/kikikleindesign.de\/index.php?rest_route=\/wp\/v2\/users\/1"}],"replies":[{"embeddable":true,"href":"http:\/\/kikikleindesign.de\/index.php?rest_route=%2Fwp%2Fv2%2Fcomments&post=74"}],"version-history":[{"count":9,"href":"http:\/\/kikikleindesign.de\/index.php?rest_route=\/wp\/v2\/pages\/74\/revisions"}],"predecessor-version":[{"id":254,"href":"http:\/\/kikikleindesign.de\/index.php?rest_route=\/wp\/v2\/pages\/74\/revisions\/254"}],"wp:attachment":[{"href":"http:\/\/kikikleindesign.de\/index.php?rest_route=%2Fwp%2Fv2%2Fmedia&parent=74"}],"curies":[{"name":"wp","href":"https:\/\/api.w.org\/{rel}","templated":true}]}}